{"id":480,"date":"2016-02-22T12:32:42","date_gmt":"2016-02-22T11:32:42","guid":{"rendered":"https:\/\/test2017.mgt-conseils.com\/?page_id=480"},"modified":"2018-05-16T11:13:32","modified_gmt":"2018-05-16T10:13:32","slug":"qui-sommes-nous","status":"publish","type":"page","link":"https:\/\/test2017.mgt-conseils.com\/index.php\/qui-sommes-nous\/","title":{"rendered":"Qui sommes-nous ?"},"content":{"rendered":"<div id=\"pl-480\"  class=\"panel-layout\" ><div id=\"pg-480-0\"  class=\"panel-grid panel-has-style\" ><div style=\"background-color: #f39200; \" class=\"panel-row-style panel-row-style-for-480-0\" ><div id=\"pgc-480-0-0\"  class=\"panel-grid-cell\" ><div id=\"panel-480-0-0-0\" class=\"so-panel widget widget_sow-editor panel-first-child panel-last-child\" data-index=\"0\" ><div class=\"panel-widget-style panel-widget-style-for-480-0-0-0\" ><div class=\"so-widget-sow-editor so-widget-sow-editor-base\">\n<div class=\"siteorigin-widget-tinymce textwidget\">\n\t<p style=\"text-align: center;\"><span style=\"color: #ffffff;\"><i class=\"fa fa-building-o fa-4x\"><\/i><\/span><\/p>\n<h1 style=\"text-align: center;\"><strong>Qui sommes-nous ?<\/strong><\/h1>\n<h2 style=\"text-align: center;\">\"Un cabinet qui s'engage dans la r\u00e9ussite de vos projets\"<\/h2>\n<p style=\"text-align: center;\">Nous menons l\u2019ensemble de nos interventions dans le respect de notre <strong>d\u00e9marche qualit\u00e9 <\/strong>vous garantissant ainsi <br \/>la conformit\u00e9 de votre projet en termes de p\u00e9rim\u00e8tre, budget, planning et risques.<\/p>\n<\/div>\n<\/div><\/div><\/div><\/div><\/div><\/div><div id=\"pg-480-1\"  class=\"panel-grid panel-has-style\" ><div class=\"siteorigin-panels-stretch panel-row-style panel-row-style-for-480-1\" style=\"background-color: #e5e5e5; \" data-stretch-type=\"full\" ><div id=\"pgc-480-1-0\"  class=\"panel-grid-cell\" ><div id=\"panel-480-1-0-0\" class=\"so-panel widget widget_spacer panel-first-child\" data-index=\"1\" ><div class=\"so-widget-spacer so-widget-spacer-spacer-style-d75171398898\">\r\n\r\n\r\n\r\n\r\n<div class=\"spacer\" style=\"height: 20px\">\r\n<\/div><\/div><\/div><div id=\"panel-480-1-0-1\" class=\"so-panel widget widget_sow-editor\" data-index=\"2\" ><div class=\"so-widget-sow-editor so-widget-sow-editor-base\">\n<div class=\"siteorigin-widget-tinymce textwidget\">\n\t<h2 style=\"text-align: center;\"><span style=\"color: #f39200;\">NOTRE EXPERTISE<\/span><\/h2>\n<h5 style=\"text-align: center;\">Cabinet de Conseil et Formation sp\u00e9cialis\u00e9 dans l\u2019<strong>Am\u00e9lioration des Performances des Entreprises<\/strong>, nous vous accompagnons autour de 4 expertises :<\/h5>\n<\/div>\n<\/div><\/div><div id=\"panel-480-1-0-2\" class=\"so-panel widget widget_spacer\" data-index=\"3\" ><div class=\"so-widget-spacer so-widget-spacer-spacer-style-d75171398898\">\r\n\r\n\r\n\r\n\r\n<div class=\"spacer\" style=\"height: 20px\">\r\n<\/div><\/div><\/div><div id=\"panel-480-1-0-3\" class=\"so-panel widget widget_sow-features\" data-index=\"4\" ><div class=\"so-widget-sow-features so-widget-sow-features-default-17fa8881d542\">\n<div class=\"sow-features-list sow-features-responsive\">\n\n\t\t\t\n\t\t\t<div class=\"sow-features-feature sow-icon-container-position-top sow-features-feature-last-row\" style=\"width: 25%\">\n\n\t\t\t\t<a href=\"https:\/\/test2017.mgt-conseils.com\/index.php\/big-data\/\" >\t\t\t\t<div\n\t\t\t\t\tclass=\"sow-icon-container sow-container-none\"\n                    style=\"color: #ffffff; \"\n\t\t\t\t\t>\n\t\t\t\t\t<span class=\"sow-icon-fontawesome sow-fas\" data-sow-icon=\"&#xf1c0;\"\n\t\tstyle=\"font-size: 60px; color: #f39200\" ><\/span>\t\t\t\t<\/div>\n\t\t\t\t<\/a>\n\t\t\t\t<div class=\"textwidget\">\n\t\t\t\t\t\t\t\t\t\t\t<h5>\n\t\t\t\t\t\t\t<a href=\"https:\/\/test2017.mgt-conseils.com\/index.php\/big-data\/\" >\t\t\t\t\t\t\tBig Data\t\t\t\t\t\t\t<\/a>\t\t\t\t\t\t<\/h5>\n\t\t\t\t\t\n\t\t\t\t\t\n\t\t\t\t\t\t\t\t\t<\/div>\n\t\t\t<\/div>\n\n\t\t\n\t\t\t<div class=\"sow-features-feature sow-icon-container-position-top sow-features-feature-last-row\" style=\"width: 25%\">\n\n\t\t\t\t<a href=\"https:\/\/test2017.mgt-conseils.com\/index.php\/business-intelligence\/\" >\t\t\t\t<div\n\t\t\t\t\tclass=\"sow-icon-container sow-container-none\"\n                    style=\"color: #ffffff; \"\n\t\t\t\t\t>\n\t\t\t\t\t<span class=\"sow-icon-fontawesome sow-fas\" data-sow-icon=\"&#xf080;\"\n\t\tstyle=\"font-size: 60px; color: #f39200\" ><\/span>\t\t\t\t<\/div>\n\t\t\t\t<\/a>\n\t\t\t\t<div class=\"textwidget\">\n\t\t\t\t\t\t\t\t\t\t\t<h5>\n\t\t\t\t\t\t\t<a href=\"https:\/\/test2017.mgt-conseils.com\/index.php\/business-intelligence\/\" >\t\t\t\t\t\t\tBusiness Intelligence (BI)\t\t\t\t\t\t\t<\/a>\t\t\t\t\t\t<\/h5>\n\t\t\t\t\t\n\t\t\t\t\t\n\t\t\t\t\t\t\t\t\t<\/div>\n\t\t\t<\/div>\n\n\t\t\n\t\t\t<div class=\"sow-features-feature sow-icon-container-position-top sow-features-feature-last-row\" style=\"width: 25%\">\n\n\t\t\t\t<a href=\"https:\/\/test2017.mgt-conseils.com\/index.php\/bpm\/\" >\t\t\t\t<div\n\t\t\t\t\tclass=\"sow-icon-container sow-container-none\"\n                    style=\"color: #ffffff; \"\n\t\t\t\t\t>\n\t\t\t\t\t<span class=\"sow-icon-fontawesome sow-fas\" data-sow-icon=\"&#xf085;\"\n\t\tstyle=\"font-size: 60px; color: #f39200\" ><\/span>\t\t\t\t<\/div>\n\t\t\t\t<\/a>\n\t\t\t\t<div class=\"textwidget\">\n\t\t\t\t\t\t\t\t\t\t\t<h5>\n\t\t\t\t\t\t\t<a href=\"https:\/\/test2017.mgt-conseils.com\/index.php\/bpm\/\" >\t\t\t\t\t\t\tBusiness Process Management (BPM)\t\t\t\t\t\t\t<\/a>\t\t\t\t\t\t<\/h5>\n\t\t\t\t\t\n\t\t\t\t\t\n\t\t\t\t\t\t\t\t\t<\/div>\n\t\t\t<\/div>\n\n\t\t\n\t\t\t<div class=\"sow-features-feature sow-icon-container-position-top sow-features-feature-last-row\" style=\"width: 25%\">\n\n\t\t\t\t<a href=\"https:\/\/test2017.mgt-conseils.com\/index.php\/project-management-office\/\" >\t\t\t\t<div\n\t\t\t\t\tclass=\"sow-icon-container sow-container-none\"\n                    style=\"color: #ffffff; \"\n\t\t\t\t\t>\n\t\t\t\t\t<span class=\"sow-icon-fontawesome sow-fas\" data-sow-icon=\"&#xf022;\"\n\t\tstyle=\"font-size: 60px; color: #f39200\" ><\/span>\t\t\t\t<\/div>\n\t\t\t\t<\/a>\n\t\t\t\t<div class=\"textwidget\">\n\t\t\t\t\t\t\t\t\t\t\t<h5>\n\t\t\t\t\t\t\t<a href=\"https:\/\/test2017.mgt-conseils.com\/index.php\/project-management-office\/\" >\t\t\t\t\t\t\tProject Management Office (PMO)\t\t\t\t\t\t\t<\/a>\t\t\t\t\t\t<\/h5>\n\t\t\t\t\t\n\t\t\t\t\t\n\t\t\t\t\t\t\t\t\t<\/div>\n\t\t\t<\/div>\n\n\t\t\t\n<\/div>\n<\/div><\/div><div id=\"panel-480-1-0-4\" class=\"so-panel widget widget_spacer panel-last-child\" data-index=\"5\" ><div class=\"so-widget-spacer so-widget-spacer-spacer-style-d75171398898\">\r\n\r\n\r\n\r\n\r\n<div class=\"spacer\" style=\"height: 20px\">\r\n<\/div><\/div><\/div><\/div><\/div><\/div><div id=\"pg-480-2\"  class=\"panel-grid panel-no-style\" ><div id=\"pgc-480-2-0\"  class=\"panel-grid-cell\" ><div id=\"panel-480-2-0-0\" class=\"so-panel widget widget_spacer panel-first-child\" data-index=\"6\" ><div class=\"so-widget-spacer so-widget-spacer-spacer-style-d75171398898\">\r\n\r\n\r\n\r\n\r\n<div class=\"spacer\" style=\"height: 20px\">\r\n<\/div><\/div><\/div><div id=\"panel-480-2-0-1\" class=\"so-panel widget widget_sow-editor panel-last-child\" data-index=\"7\" ><div class=\"panel-widget-style panel-widget-style-for-480-2-0-1\" ><div class=\"so-widget-sow-editor so-widget-sow-editor-base\">\n<div class=\"siteorigin-widget-tinymce textwidget\">\n\t<h3 style=\"text-align: center;\"><strong><span style=\"color: #f39200;\">Vous recherchez un(e) expert(e) ? Vous avez un projet ?<\/span> <\/strong><\/h3>\n<\/div>\n<\/div><\/div><\/div><\/div><\/div><div id=\"pg-480-3\"  class=\"panel-grid panel-has-style\" ><div class=\"panel-row-style panel-row-style-for-480-3\" ><div id=\"pgc-480-3-0\"  class=\"panel-grid-cell\" ><div id=\"panel-480-3-0-0\" class=\"so-panel widget widget_sow-button panel-first-child panel-last-child\" data-index=\"8\" ><div class=\"so-widget-sow-button so-widget-sow-button-flat-d3378e2fac08\"><div class=\"ow-button-base ow-button-align-justify\">\n\t<a href=\"https:\/\/test2017.mgt-conseils.com\/index.php\/jai-un-projet-formulaire\/\" class=\"ow-icon-placement-left ow-button-hover\" \t\t>\n\t\t<span>\n\t\t\t\n\t\t\tJ'ai un projet\t\t<\/span>\n\t<\/a>\n<\/div>\n<\/div><\/div><\/div><div id=\"pgc-480-3-1\"  class=\"panel-grid-cell\" ><div id=\"panel-480-3-1-0\" class=\"so-panel widget widget_sow-button panel-first-child panel-last-child\" data-index=\"9\" ><div class=\"so-widget-sow-button so-widget-sow-button-flat-d107986d6702\"><div class=\"ow-button-base ow-button-align-justify\">\n\t<a href=\"https:\/\/test2017.mgt-conseils.com\/index.php\/je-cherche-consultant-e-formulaire\/\" class=\"ow-icon-placement-left ow-button-hover\" \t\t>\n\t\t<span>\n\t\t\t\n\t\t\tJ'ai besoin d'un(e) consultant(e)\t\t<\/span>\n\t<\/a>\n<\/div>\n<\/div><\/div><\/div><\/div><\/div><div id=\"pg-480-4\"  class=\"panel-grid panel-no-style\" ><div id=\"pgc-480-4-0\"  class=\"panel-grid-cell\" ><div id=\"panel-480-4-0-0\" class=\"so-panel widget widget_spacer panel-first-child panel-last-child\" data-index=\"10\" ><div class=\"so-widget-spacer so-widget-spacer-spacer-style-d75171398898\">\r\n\r\n\r\n\r\n\r\n<div class=\"spacer\" style=\"height: 31px\">\r\n<\/div><\/div><\/div><\/div><\/div><div id=\"pg-480-5\"  class=\"panel-grid panel-has-style\" ><div style=\"background-color: #e5e5e5; \" class=\"panel-row-style panel-row-style-for-480-5\" ><div id=\"pgc-480-5-0\"  class=\"panel-grid-cell\" ><div id=\"panel-480-5-0-0\" class=\"so-panel widget widget_spacer panel-first-child\" data-index=\"11\" ><div class=\"so-widget-spacer so-widget-spacer-spacer-style-d75171398898\">\r\n\r\n\r\n\r\n\r\n<div class=\"spacer\" style=\"height: 20px\">\r\n<\/div><\/div><\/div><div id=\"panel-480-5-0-1\" class=\"so-panel widget widget_sow-editor\" data-index=\"12\" ><div class=\"so-widget-sow-editor so-widget-sow-editor-base\">\n<div class=\"siteorigin-widget-tinymce textwidget\">\n\t<h2 style=\"text-align: center;\"><span style=\"color: #f39200;\">UN ACCOMPAGNEMENT SUR MESURE DE VOS PROJETS<\/span><\/h2>\n<h5 style=\"text-align: center;\">Pr\u00e9sentes en France et en Afrique de l\u2019Ouest (C\u00f4te d\u2019Ivoire et B\u00e9nin), nos \u00e9quipes de Consultants experts interviennent\u00a0 tout au long de vos projets, en tant que :<\/h5>\n<\/div>\n<\/div><\/div><div id=\"panel-480-5-0-2\" class=\"so-panel widget widget_sow-features\" data-index=\"13\" ><div class=\"panel-widget-style panel-widget-style-for-480-5-0-2\" ><div class=\"so-widget-sow-features so-widget-sow-features-default-5707108fecff\">\n<div class=\"sow-features-list sow-features-responsive\">\n\n\t\t\t\n\t\t\t<div class=\"sow-features-feature sow-icon-container-position-top sow-features-feature-last-row\" style=\"width: 25%\">\n\n\t\t\t\t\t\t\t\t<div\n\t\t\t\t\tclass=\"sow-icon-container sow-container-none\"\n                    style=\"color: #ffffff; \"\n\t\t\t\t\t>\n\t\t\t\t\t<span class=\"sow-icon-fontawesome sow-fas\" data-sow-icon=\"&#xf107;\"\n\t\tstyle=\"font-size: 40px; color: #f39200\" ><\/span>\t\t\t\t<\/div>\n\t\t\t\t\n\t\t\t\t<div class=\"textwidget\">\n\t\t\t\t\t\t\t\t\t\t\t<h5>\n\t\t\t\t\t\t\t\t\t\t\t\t\t\tConseil\t\t\t\t\t\t\t\t\t\t\t\t\t<\/h5>\n\t\t\t\t\t\n\t\t\t\t\t\t\t\t\t\t\t\u00c9tude de faisabilit\u00e9, Etude d\u2019opportunit\u00e9, Audit-Diagnostic, Pilotage et Direction de projet, Conduite du changement\t\t\t\t\t\n\t\t\t\t\t\t\t\t\t<\/div>\n\t\t\t<\/div>\n\n\t\t\n\t\t\t<div class=\"sow-features-feature sow-icon-container-position-top sow-features-feature-last-row\" style=\"width: 25%\">\n\n\t\t\t\t\t\t\t\t<div\n\t\t\t\t\tclass=\"sow-icon-container sow-container-none\"\n                    style=\"color: #ffffff; \"\n\t\t\t\t\t>\n\t\t\t\t\t<span class=\"sow-icon-fontawesome sow-fas\" data-sow-icon=\"&#xf107;\"\n\t\tstyle=\"font-size: 40px; color: #f39200\" ><\/span>\t\t\t\t<\/div>\n\t\t\t\t\n\t\t\t\t<div class=\"textwidget\">\n\t\t\t\t\t\t\t\t\t\t\t<h5>\n\t\t\t\t\t\t\t\t\t\t\t\t\t\tMOA ou AMOA\t\t\t\t\t\t\t\t\t\t\t\t\t<\/h5>\n\t\t\t\t\t\n\t\t\t\t\t\t\t\t\t\t\tExpression de besoins, Sp\u00e9cifications g\u00e9n\u00e9rales, Recette, formation\t\t\t\t\t\n\t\t\t\t\t\t\t\t\t<\/div>\n\t\t\t<\/div>\n\n\t\t\n\t\t\t<div class=\"sow-features-feature sow-icon-container-position-top sow-features-feature-last-row\" style=\"width: 25%\">\n\n\t\t\t\t\t\t\t\t<div\n\t\t\t\t\tclass=\"sow-icon-container sow-container-none\"\n                    style=\"color: #ffffff; \"\n\t\t\t\t\t>\n\t\t\t\t\t<span class=\"sow-icon-fontawesome sow-fas\" data-sow-icon=\"&#xf107;\"\n\t\tstyle=\"font-size: 40px; color: #f39200\" ><\/span>\t\t\t\t<\/div>\n\t\t\t\t\n\t\t\t\t<div class=\"textwidget\">\n\t\t\t\t\t\t\t\t\t\t\t<h5>\n\t\t\t\t\t\t\t\t\t\t\t\t\t\tMOE\t\t\t\t\t\t\t\t\t\t\t\t\t<\/h5>\n\t\t\t\t\t\n\t\t\t\t\t\t\t\t\t\t\tConception, D\u00e9veloppement, D\u00e9ploiement, Migration\t\t\t\t\t\n\t\t\t\t\t\t\t\t\t<\/div>\n\t\t\t<\/div>\n\n\t\t\n\t\t\t<div class=\"sow-features-feature sow-icon-container-position-top sow-features-feature-last-row\" style=\"width: 25%\">\n\n\t\t\t\t\t\t\t\t<div\n\t\t\t\t\tclass=\"sow-icon-container sow-container-none\"\n                    style=\"color: #ffffff; \"\n\t\t\t\t\t>\n\t\t\t\t\t<span class=\"sow-icon-fontawesome sow-fas\" data-sow-icon=\"&#xf107;\"\n\t\tstyle=\"font-size: 40px; color: #f39200\" ><\/span>\t\t\t\t<\/div>\n\t\t\t\t\n\t\t\t\t<div class=\"textwidget\">\n\t\t\t\t\t\t\t\t\t\t\t<h5>\n\t\t\t\t\t\t\t\t\t\t\t\t\t\tFormateur\t\t\t\t\t\t\t\t\t\t\t\t\t<\/h5>\n\t\t\t\t\t\n\t\t\t\t\t\t\t\t\t\t\tBusiness intelligence, Management de la performance, M\u00e9thodologie de projet\t\t\t\t\t\n\t\t\t\t\t\t\t\t\t<\/div>\n\t\t\t<\/div>\n\n\t\t\t\n<\/div>\n<\/div><\/div><\/div><div id=\"panel-480-5-0-3\" class=\"so-panel widget widget_spacer panel-last-child\" data-index=\"14\" ><div class=\"so-widget-spacer so-widget-spacer-spacer-style-d75171398898\">\r\n\r\n\r\n\r\n\r\n<div class=\"spacer\" style=\"height: 20px\">\r\n<\/div><\/div><\/div><\/div><\/div><\/div><div id=\"pg-480-6\"  class=\"panel-grid panel-no-style\" ><div id=\"pgc-480-6-0\"  class=\"panel-grid-cell\" ><div id=\"panel-480-6-0-0\" class=\"so-panel widget widget_spacer panel-first-child\" data-index=\"15\" ><div class=\"so-widget-spacer so-widget-spacer-spacer-style-d75171398898\">\r\n\r\n\r\n\r\n\r\n<div class=\"spacer\" style=\"height: 30px\">\r\n<\/div><\/div><\/div><div id=\"panel-480-6-0-1\" class=\"so-panel widget widget_sow-editor panel-last-child\" data-index=\"16\" ><div class=\"panel-widget-style panel-widget-style-for-480-6-0-1\" ><div class=\"so-widget-sow-editor so-widget-sow-editor-base\">\n<div class=\"siteorigin-widget-tinymce textwidget\">\n\t<h3 style=\"text-align: center;\"><strong><span style=\"color: #f39200;\">Vous recherchez un(e) expert(e) ? Vous avez un projet ?<\/span> <\/strong><\/h3>\n<\/div>\n<\/div><\/div><\/div><\/div><\/div><div id=\"pg-480-7\"  class=\"panel-grid panel-has-style\" ><div class=\"panel-row-style panel-row-style-for-480-7\" ><div id=\"pgc-480-7-0\"  class=\"panel-grid-cell\" ><div id=\"panel-480-7-0-0\" class=\"so-panel widget widget_sow-button panel-first-child panel-last-child\" data-index=\"17\" ><div class=\"so-widget-sow-button so-widget-sow-button-flat-d3378e2fac08\"><div class=\"ow-button-base ow-button-align-justify\">\n\t<a href=\"https:\/\/test2017.mgt-conseils.com\/index.php\/jai-un-projet-formulaire\/\" class=\"ow-icon-placement-left ow-button-hover\" \t\t>\n\t\t<span>\n\t\t\t\n\t\t\tJ'ai un projet\t\t<\/span>\n\t<\/a>\n<\/div>\n<\/div><\/div><\/div><div id=\"pgc-480-7-1\"  class=\"panel-grid-cell\" ><div id=\"panel-480-7-1-0\" class=\"so-panel widget widget_sow-button panel-first-child panel-last-child\" data-index=\"18\" ><div class=\"so-widget-sow-button so-widget-sow-button-flat-d107986d6702\"><div class=\"ow-button-base ow-button-align-justify\">\n\t<a href=\"https:\/\/test2017.mgt-conseils.com\/index.php\/je-cherche-consultant-e-formulaire\/\" class=\"ow-icon-placement-left ow-button-hover\" \t\t>\n\t\t<span>\n\t\t\t\n\t\t\tJ'ai besoin d'un(e) consultant(e)\t\t<\/span>\n\t<\/a>\n<\/div>\n<\/div><\/div><\/div><\/div><\/div><div id=\"pg-480-8\"  class=\"panel-grid panel-no-style\" ><div id=\"pgc-480-8-0\"  class=\"panel-grid-cell\" ><div id=\"panel-480-8-0-0\" class=\"so-panel widget widget_spacer panel-first-child panel-last-child\" data-index=\"19\" ><div class=\"so-widget-spacer so-widget-spacer-spacer-style-d75171398898\">\r\n\r\n\r\n\r\n\r\n<div class=\"spacer\" style=\"height: 30px\">\r\n<\/div><\/div><\/div><\/div><\/div><\/div>","protected":false},"excerpt":{"rendered":"<p>Qui sommes-nous ? \u00ab\u00a0Un cabinet qui s&rsquo;engage dans la r\u00e9ussite de vos projets\u00a0\u00bb Nous menons l\u2019ensemble de nos interventions dans [&hellip;]<\/p>\n","protected":false},"author":1,"featured_media":0,"parent":0,"menu_order":0,"comment_status":"closed","ping_status":"closed","template":"template-home.php","meta":[],"yoast_head":"<!-- This site is optimized with the Yoast SEO plugin v15.6.2 - https:\/\/yoast.com\/wordpress\/plugins\/seo\/ -->\n<title>Qui sommes nous ? | Les Acc\u00e9l\u00e9rateurs de votre performance<\/title>\n<meta name=\"description\" content=\"MGT Conseils s&#039;engage dans la r\u00e9ussite de vos projets ! Nous menons l\u2019ensemble de nos interventions dans le respect de notre d\u00e9marche qualit\u00e9.\" \/>\n<meta name=\"robots\" content=\"index, follow, max-snippet:-1, max-image-preview:large, max-video-preview:-1\" \/>\n<link rel=\"canonical\" href=\"https:\/\/test2017.mgt-conseils.com\/index.php\/qui-sommes-nous\/\" \/>\n<meta property=\"og:locale\" content=\"fr_FR\" \/>\n<meta property=\"og:type\" content=\"article\" \/>\n<meta property=\"og:title\" content=\"Qui sommes nous ? | Les Acc\u00e9l\u00e9rateurs de votre performance\" \/>\n<meta property=\"og:description\" content=\"MGT Conseils s&#039;engage dans la r\u00e9ussite de vos projets ! Nous menons l\u2019ensemble de nos interventions dans le respect de notre d\u00e9marche qualit\u00e9.\" \/>\n<meta property=\"og:url\" content=\"https:\/\/test2017.mgt-conseils.com\/index.php\/qui-sommes-nous\/\" \/>\n<meta property=\"og:site_name\" content=\"MGT Conseils\" \/>\n<meta property=\"article:modified_time\" content=\"2018-05-16T10:13:32+00:00\" \/>\n<meta name=\"twitter:card\" content=\"summary\" \/>\n<meta name=\"twitter:label1\" content=\"Dur\u00e9e de lecture est.\">\n\t<meta name=\"twitter:data1\" content=\"1 minute\">\n<script type=\"application\/ld+json\" class=\"yoast-schema-graph\">{\"@context\":\"https:\/\/schema.org\",\"@graph\":[{\"@type\":\"WebSite\",\"@id\":\"https:\/\/test2017.mgt-conseils.com\/#website\",\"url\":\"https:\/\/test2017.mgt-conseils.com\/\",\"name\":\"MGT Conseils\",\"description\":\"Acc\\u00e9l\\u00e9rateur de performance\",\"potentialAction\":[{\"@type\":\"SearchAction\",\"target\":\"https:\/\/test2017.mgt-conseils.com\/?s={search_term_string}\",\"query-input\":\"required name=search_term_string\"}],\"inLanguage\":\"fr-FR\"},{\"@type\":\"WebPage\",\"@id\":\"https:\/\/test2017.mgt-conseils.com\/index.php\/qui-sommes-nous\/#webpage\",\"url\":\"https:\/\/test2017.mgt-conseils.com\/index.php\/qui-sommes-nous\/\",\"name\":\"Qui sommes nous ? | Les Acc\\u00e9l\\u00e9rateurs de votre performance\",\"isPartOf\":{\"@id\":\"https:\/\/test2017.mgt-conseils.com\/#website\"},\"datePublished\":\"2016-02-22T11:32:42+00:00\",\"dateModified\":\"2018-05-16T10:13:32+00:00\",\"description\":\"MGT Conseils s'engage dans la r\\u00e9ussite de vos projets ! Nous menons l\\u2019ensemble de nos interventions dans le respect de notre d\\u00e9marche qualit\\u00e9.\",\"inLanguage\":\"fr-FR\",\"potentialAction\":[{\"@type\":\"ReadAction\",\"target\":[\"https:\/\/test2017.mgt-conseils.com\/index.php\/qui-sommes-nous\/\"]}]}]}<\/script>\n<!-- \/ Yoast SEO plugin. -->","_links":{"self":[{"href":"https:\/\/test2017.mgt-conseils.com\/index.php\/wp-json\/wp\/v2\/pages\/480"}],"collection":[{"href":"https:\/\/test2017.mgt-conseils.com\/index.php\/wp-json\/wp\/v2\/pages"}],"about":[{"href":"https:\/\/test2017.mgt-conseils.com\/index.php\/wp-json\/wp\/v2\/types\/page"}],"author":[{"embeddable":true,"href":"https:\/\/test2017.mgt-conseils.com\/index.php\/wp-json\/wp\/v2\/users\/1"}],"replies":[{"embeddable":true,"href":"https:\/\/test2017.mgt-conseils.com\/index.php\/wp-json\/wp\/v2\/comments?post=480"}],"version-history":[{"count":34,"href":"https:\/\/test2017.mgt-conseils.com\/index.php\/wp-json\/wp\/v2\/pages\/480\/revisions"}],"predecessor-version":[{"id":7789,"href":"https:\/\/test2017.mgt-conseils.com\/index.php\/wp-json\/wp\/v2\/pages\/480\/revisions\/7789"}],"wp:attachment":[{"href":"https:\/\/test2017.mgt-conseils.com\/index.php\/wp-json\/wp\/v2\/media?parent=480"}],"curies":[{"name":"wp","href":"https:\/\/api.w.org\/{rel}","templated":true}]}}