{"id":6434,"date":"2018-03-08T14:18:48","date_gmt":"2018-03-08T13:18:48","guid":{"rendered":"https:\/\/test2017.mgt-conseils.com\/?page_id=6434"},"modified":"2018-11-12T15:56:34","modified_gmt":"2018-11-12T14:56:34","slug":"mention-legal","status":"publish","type":"page","link":"https:\/\/test2017.mgt-conseils.com\/index.php\/mention-legal\/","title":{"rendered":"Mention l\u00e9gal"},"content":{"rendered":"<div id=\"pl-6434\"  class=\"panel-layout\" ><div id=\"pg-6434-0\"  class=\"panel-grid panel-no-style\" ><div id=\"pgc-6434-0-0\"  class=\"panel-grid-cell\" ><div id=\"panel-6434-0-0-0\" class=\"so-panel widget widget_sow-hero panel-first-child\" data-index=\"0\" ><div class=\"so-widget-sow-hero so-widget-sow-hero-default-bfc5a932caef\"><div class=\"sow-slider-base \" style=\"display: none\"><ul class=\"sow-slider-images\" data-settings=\"{&quot;pagination&quot;:true,&quot;speed&quot;:800,&quot;timeout&quot;:8000,&quot;paused&quot;:false,&quot;pause_on_hover&quot;:false,&quot;swipe&quot;:false,&quot;nav_always_show_mobile&quot;:&quot;&quot;,&quot;breakpoint&quot;:&quot;780px&quot;}\">\t\t<li class=\"sow-slider-image  sow-slider-image-cover\" style=\"background-color: #333333\" >\n\t\t\t\t\t<div class=\"sow-slider-image-container\">\n\t\t\t<div class=\"sow-slider-image-wrapper\">\n\t\t\t\t<p style=\"text-align: center\" title=\"Business intelligence\"><span style=\"color: #ffffff\"><i class=\"fa fa-gavel fa-4x\"><\/i><\/span><\/p>\n\n<h1 style=\"text-align: center\"><span style=\"color: #ffffff\"><strong>Mentions l\u00e9gales<\/strong><\/span><\/h1>\t\t\t<\/div>\n\t\t<\/div>\n\t\t<div class=\"sow-slider-image-overlay sow-slider-image-cover\" style=\"background-image: url(https:\/\/test2017.mgt-conseils.com\/wp-content\/uploads\/2017\/12\/Fotolia_85653783_Mise_avant_article.jpg);opacity: 0.6\"  ><\/div>\t\t<\/li>\n\t\t<\/ul>\t\t\t\t<ol class=\"sow-slider-pagination\">\n\t\t\t\t\t\t\t\t\t\t\t<li><a href=\"#\" data-goto=\"0\" aria-label=\"afficher la diapositive 1\"><\/a><\/li>\n\t\t\t\t\t\t\t\t\t<\/ol>\n\n\t\t\t\t<div class=\"sow-slide-nav sow-slide-nav-next\">\n\t\t\t\t\t<a href=\"#\" data-goto=\"next\" aria-label=\"diapositive suivante\" data-action=\"next\">\n\t\t\t\t\t\t<em class=\"sow-sld-icon-thin-right\"><\/em>\n\t\t\t\t\t<\/a>\n\t\t\t\t<\/div>\n\n\t\t\t\t<div class=\"sow-slide-nav sow-slide-nav-prev\">\n\t\t\t\t\t<a href=\"#\" data-goto=\"previous\" aria-label=\"diapositive pr\u00e9c\u00e9dente\" data-action=\"prev\">\n\t\t\t\t\t\t<em class=\"sow-sld-icon-thin-left\"><\/em>\n\t\t\t\t\t<\/a>\n\t\t\t\t<\/div>\n\t\t\t\t<\/div><\/div><\/div><div id=\"panel-6434-0-0-1\" class=\"so-panel widget widget_sow-editor panel-last-child\" data-index=\"1\" ><div class=\"panel-widget-style panel-widget-style-for-6434-0-0-1\" ><div class=\"so-widget-sow-editor so-widget-sow-editor-base\">\n<div class=\"siteorigin-widget-tinymce textwidget\">\n\t<h2 class=\"textenoir\" style=\"text-align: justify;\"><strong>Respect de la loi Informatique et Libert\u00e9s<\/strong><\/h2>\n<p class=\"textenoir\" style=\"text-align: justify;\">Conform\u00e9ment \u00e0 l'article 39 de la loi Informatique et Libert\u00e9s du 6 janvier 1978, vous disposez d'un droit d'acc\u00e8s aux informations vous concernant. Vous pouvez \u00e9galement demander la modification ou la suppression de ces informations en vous adressant \u00e0 :<\/p>\n<p class=\"textenoir\" style=\"text-align: center;\" align=\"center\"><strong>MGT Conseils<\/strong><\/p>\n<p style=\"text-align: center;\">104 rue du Faubourg Saint-Honor\u00e9<\/p>\n<p style=\"text-align: center;\">75008 Paris<\/p>\n<p class=\"textenoir\" style=\"text-align: justify;\">Les donn\u00e9es extraites de ce site ne seront jamais transmises \u00e0 des tiers et ne feront l'objet d'aucune commercialisation.<\/p>\n<h2 class=\"soustitreorange\"><strong>Donn\u00e9es personnelles<\/strong><\/h2>\n<p class=\"soustitreorange\">Les informations recueillies sur les formulaires sont enregistr\u00e9es dans un fichier informatis\u00e9 par MGT Conseils pour la gestion de notre client\u00e8le.<\/p>\n<p>Elles sont conserv\u00e9es pendant 3 ans et sont destin\u00e9es aux services marketing et commercial de MGT Conseils \u00e9tabli \u00e0 Paris et au service commercial de MGT Conseils au Benin et en C\u00f4te d\u2019Ivoire.<\/p>\n<p>Conform\u00e9ment \u00e0 la loi \u00ab informatique et libert\u00e9s \u00bb, vous pouvez exercer votre droit d'acc\u00e8s aux donn\u00e9es vous concernant et les faire rectifier en contactant : Gbaguidi Conrad, dpo@mgt-conseils.com<\/p>\n<h2 class=\"soustitreorange\"><strong>Droits d'auteur et copyright<\/strong><\/h2>\n<p class=\"textenoir\" style=\"text-align: justify;\">L'ensemble de ce site rel\u00e8ve de la l\u00e9gislation fran\u00e7aise et internationale sur le droit d'auteur et la propri\u00e9t\u00e9 intellectuelle. Tous les droits de reproduction sont r\u00e9serv\u00e9s, y compris pour les documents t\u00e9l\u00e9chargeables et les repr\u00e9sentations iconographiques et photographiques.<\/p>\n<p class=\"textenoir\" style=\"text-align: justify;\">La reproduction de tout ou partie de ce site sur un support \u00e9lectronique quel qu'il soit est formellement interdite sauf autorisation expresse du directeur de la publication.<\/p>\n<p>&nbsp;<\/p>\n<\/div>\n<\/div><\/div><\/div><\/div><\/div><div id=\"pg-6434-1\"  class=\"panel-grid panel-no-style\" ><div id=\"pgc-6434-1-0\"  class=\"panel-grid-cell\" ><div id=\"panel-6434-1-0-0\" class=\"so-panel widget widget_spacer panel-first-child panel-last-child\" data-index=\"2\" ><div class=\"so-widget-spacer so-widget-spacer-spacer-style-d75171398898\">\r\n\r\n\r\n\r\n\r\n<div class=\"spacer\" style=\"height: 34px\">\r\n<\/div><\/div><\/div><\/div><\/div><\/div>","protected":false},"excerpt":{"rendered":"<p>Mentions l\u00e9gales Respect de la loi Informatique et Libert\u00e9s Conform\u00e9ment \u00e0 l&rsquo;article 39 de la loi Informatique et Libert\u00e9s du [&hellip;]<\/p>\n","protected":false},"author":1,"featured_media":0,"parent":0,"menu_order":0,"comment_status":"closed","ping_status":"closed","template":"template-home.php","meta":[],"yoast_head":"<!-- This site is optimized with the Yoast SEO plugin v15.6.2 - https:\/\/yoast.com\/wordpress\/plugins\/seo\/ -->\n<title>Mention l\u00e9gal - MGT Conseils<\/title>\n<meta name=\"robots\" content=\"index, follow, max-snippet:-1, max-image-preview:large, max-video-preview:-1\" \/>\n<link rel=\"canonical\" href=\"https:\/\/test2017.mgt-conseils.com\/index.php\/mention-legal\/\" \/>\n<meta property=\"og:locale\" content=\"fr_FR\" \/>\n<meta property=\"og:type\" content=\"article\" \/>\n<meta property=\"og:title\" content=\"Mention l\u00e9gal - MGT Conseils\" \/>\n<meta property=\"og:description\" content=\"Mentions l\u00e9gales Respect de la loi Informatique et Libert\u00e9s Conform\u00e9ment \u00e0 l&#039;article 39 de la loi Informatique et Libert\u00e9s du [&hellip;]\" \/>\n<meta property=\"og:url\" content=\"https:\/\/test2017.mgt-conseils.com\/index.php\/mention-legal\/\" \/>\n<meta property=\"og:site_name\" content=\"MGT Conseils\" \/>\n<meta property=\"article:modified_time\" content=\"2018-11-12T14:56:34+00:00\" \/>\n<meta name=\"twitter:card\" content=\"summary\" \/>\n<meta name=\"twitter:label1\" content=\"Dur\u00e9e de lecture est.\">\n\t<meta name=\"twitter:data1\" content=\"1 minute\">\n<script type=\"application\/ld+json\" class=\"yoast-schema-graph\">{\"@context\":\"https:\/\/schema.org\",\"@graph\":[{\"@type\":\"WebSite\",\"@id\":\"https:\/\/test2017.mgt-conseils.com\/#website\",\"url\":\"https:\/\/test2017.mgt-conseils.com\/\",\"name\":\"MGT Conseils\",\"description\":\"Acc\\u00e9l\\u00e9rateur de performance\",\"potentialAction\":[{\"@type\":\"SearchAction\",\"target\":\"https:\/\/test2017.mgt-conseils.com\/?s={search_term_string}\",\"query-input\":\"required name=search_term_string\"}],\"inLanguage\":\"fr-FR\"},{\"@type\":\"WebPage\",\"@id\":\"https:\/\/test2017.mgt-conseils.com\/index.php\/mention-legal\/#webpage\",\"url\":\"https:\/\/test2017.mgt-conseils.com\/index.php\/mention-legal\/\",\"name\":\"Mention l\\u00e9gal - MGT Conseils\",\"isPartOf\":{\"@id\":\"https:\/\/test2017.mgt-conseils.com\/#website\"},\"datePublished\":\"2018-03-08T13:18:48+00:00\",\"dateModified\":\"2018-11-12T14:56:34+00:00\",\"inLanguage\":\"fr-FR\",\"potentialAction\":[{\"@type\":\"ReadAction\",\"target\":[\"https:\/\/test2017.mgt-conseils.com\/index.php\/mention-legal\/\"]}]}]}<\/script>\n<!-- \/ Yoast SEO plugin. -->","_links":{"self":[{"href":"https:\/\/test2017.mgt-conseils.com\/index.php\/wp-json\/wp\/v2\/pages\/6434"}],"collection":[{"href":"https:\/\/test2017.mgt-conseils.com\/index.php\/wp-json\/wp\/v2\/pages"}],"about":[{"href":"https:\/\/test2017.mgt-conseils.com\/index.php\/wp-json\/wp\/v2\/types\/page"}],"author":[{"embeddable":true,"href":"https:\/\/test2017.mgt-conseils.com\/index.php\/wp-json\/wp\/v2\/users\/1"}],"replies":[{"embeddable":true,"href":"https:\/\/test2017.mgt-conseils.com\/index.php\/wp-json\/wp\/v2\/comments?post=6434"}],"version-history":[{"count":21,"href":"https:\/\/test2017.mgt-conseils.com\/index.php\/wp-json\/wp\/v2\/pages\/6434\/revisions"}],"predecessor-version":[{"id":8416,"href":"https:\/\/test2017.mgt-conseils.com\/index.php\/wp-json\/wp\/v2\/pages\/6434\/revisions\/8416"}],"wp:attachment":[{"href":"https:\/\/test2017.mgt-conseils.com\/index.php\/wp-json\/wp\/v2\/media?parent=6434"}],"curies":[{"name":"wp","href":"https:\/\/api.w.org\/{rel}","templated":true}]}}